{"id":386,"date":"2019-04-24T15:22:29","date_gmt":"2019-04-24T15:22:29","guid":{"rendered":"http:\/\/demo.casethemes.net\/multio-resume\/?page_id=386"},"modified":"2025-01-08T19:36:49","modified_gmt":"2025-01-08T16:36:49","slug":"anasayfa","status":"publish","type":"page","link":"https:\/\/konyaliotocekici.com\/","title":{"rendered":"Anasayfa"},"content":{"rendered":"<div class=\"wpb-content-wrapper\"><p>[vc_row full_width=&#8221;stretch_row&#8221; parallax=&#8221;content-moving&#8221; parallax_image=&#8221;1774&#8243; ct_row_class=&#8221;row-overlay&#8221; el_id=&#8221;section-home&#8221; css=&#8221;.vc_custom_1736353572078{background-color: rgba(0,0,0,0.25) !important;*background-color: rgb(0,0,0) !important;}&#8221;][vc_column css=&#8221;.vc_custom_1558751649530{padding-top: 0px !important;}&#8221;][ct_space space_lg=&#8221;300&#8243; space_md=&#8221;300&#8243; space_sm=&#8221;180&#8243; space_xs=&#8221;130&#8243;][ct_heading styles=&#8221;style2&#8243; text=&#8221;<u>Konyal\u0131<\/u>&#8221; tag=&#8221;h4&#8243; font_size=&#8221;72&#8243; font_size_md=&#8221;60&#8243; font_size_sm=&#8221;48&#8243; font_size_xs=&#8221;30&#8243; line_height=&#8221;72&#8243; line_height_md=&#8221;60&#8243; line_height_sm=&#8221;48&#8243; line_height_xs=&#8221;30&#8243; font_weight=&#8221;&#8221; letter_spacing=&#8221;-0.05em&#8221; text_color=&#8221;#ffffff&#8221; description_font_weight=&#8221;inherit&#8221; margin_bottom=&#8221;35&#8243; typingout=&#8221;&#8220;Oto \u00c7ekici&#8220;, &#8220;Tekne Nakliye&#8220;, &#8220;Yat Ta\u015f\u0131ma&#8220;&#8221; animation=&#8221;fadeInRight&#8221; el_class=&#8221;h-u-lg&#8221;][ct_heading text=&#8221;\u0130stanbul ve T\u00fcm Marmara B\u00f6lgesinde Oto \u00c7ekici Hizmeti vermekteyiz.&#8221; tag=&#8221;h6&#8243; font_size=&#8221;20&#8243; font_size_md=&#8221;20&#8243; font_size_sm=&#8221;20&#8243; font_size_xs=&#8221;20&#8243; line_height=&#8221;32&#8243; line_height_md=&#8221;32&#8243; line_height_sm=&#8221;32&#8243; line_height_xs=&#8221;32&#8243; font_weight=&#8221;400&#8243; text_color=&#8221;#f2f2f2&#8243; description_font_weight=&#8221;inherit&#8221; margin_bottom=&#8221;43&#8243; animation=&#8221;fadeInRight&#8221;][ct_space space_lg=&#8221;160&#8243; space_md=&#8221;160&#8243; space_sm=&#8221;160&#8243; space_xs=&#8221;130&#8243;][\/vc_column][\/vc_row][vc_row full_width=&#8221;stretch_row_content_no_spaces&#8221; bg_image_position=&#8221;bg-image-ps-center&#8221; css=&#8221;.vc_custom_1558680703406{background: #373636 url(http:\/\/demo.casethemes.net\/multio-resume\/wp-content\/uploads\/2019\/05\/bg-section1.jpg?id=1429) !important;background-position: center !important;background-repeat: no-repeat !important;background-size: cover !important;}&#8221;][vc_column ct_column_offset=&#8221;col-offset-left&#8221; css=&#8221;.vc_custom_1558672039301{padding-top: 0px !important;}&#8221;][vc_row_inner equal_height=&#8221;yes&#8221; content_placement=&#8221;middle&#8221;][vc_column_inner width=&#8221;1\/4&#8243; ct_column_inner_class=&#8221;rm-padding-lg&#8221; css=&#8221;.vc_custom_1558688407787{padding-top: 45px !important;padding-right: 35% !important;padding-bottom: 45px !important;}&#8221; animation_column=&#8221;fadeInUp&#8221;][ct_fancybox cms_template=&#8221;ct_fancybox&#8211;layout3.php&#8221; title_color=&#8221;#ffffff&#8221; description_color=&#8221;#d6d6d6&#8243; title=&#8221;Oto \u00c7ekici&#8221; title_number=&#8221;01.&#8221; description=&#8221;Oto \u00c7ekici Hizmetimiz 7\/24 Kesintisizdir.&#8221;][\/vc_column_inner][vc_column_inner width=&#8221;1\/4&#8243; ct_column_inner_class=&#8221;rm-padding-lg&#8221; css=&#8221;.vc_custom_1558688414978{padding-top: 45px !important;padding-right: 35% !important;padding-bottom: 45px !important;}&#8221; animation_column=&#8221;fadeInUp&#8221;][ct_fancybox cms_template=&#8221;ct_fancybox&#8211;layout3.php&#8221; title_color=&#8221;#ffffff&#8221; description_color=&#8221;#d6d6d6&#8243; title=&#8221;Tekne Ta\u015f\u0131ma&#8221; title_number=&#8221;02.&#8221; description=&#8221;Garantili ve Profosyonel ekip ile tekneniz g\u00fcvende.&#8221;][\/vc_column_inner][vc_column_inner width=&#8221;1\/4&#8243; ct_column_inner_class=&#8221;rm-padding-lg&#8221; css=&#8221;.vc_custom_1558688423664{padding-top: 45px !important;padding-right: 35% !important;padding-bottom: 45px !important;}&#8221; animation_column=&#8221;fadeInUp&#8221;][ct_fancybox cms_template=&#8221;ct_fancybox&#8211;layout3.php&#8221; title_color=&#8221;#ffffff&#8221; description_color=&#8221;#d6d6d6&#8243; title=&#8221;Yat Ta\u015f\u0131ma&#8221; title_number=&#8221;03.&#8221; description=&#8221;Yat\u0131n\u0131z\u0131 evinizden al\u0131p diledi\u011finiz yere ula\u015ft\u0131r\u0131yoruz.&#8221;][\/vc_column_inner][vc_column_inner el_class=&#8221;col-height-full&#8221; width=&#8221;1\/4&#8243;][vc_raw_html css=&#8221;.vc_custom_1736353299742{margin-bottom: 0px !important;}&#8221;]JTNDYSUyMGNsYXNzJTNEJTIyYnRuLWZ1bGwlMjIlMjBocmVmJTNEJTIyJTIzJTIyJTNFJUM0JUIwbGV0aSVDNSU5RmltJTNDaSUyMGNsYXNzJTNEJTIyY3QtYXJyb3ctc21hbGwtcmlnaHQlMjIlM0UlM0MlMkZpJTNFJTNDJTJGYSUzRQ==[\/vc_raw_html][\/vc_column_inner][\/vc_row_inner][\/vc_column][\/vc_row][vc_row el_id=&#8221;services&#8221;][vc_column css=&#8221;.vc_custom_1558580272590{padding-top: 85px !important;padding-bottom: 0px !important;}&#8221;][vc_row_inner content_placement=&#8221;middle&#8221; css=&#8221;.vc_custom_1558426183631{padding-bottom: 10px !important;}&#8221;][vc_column_inner width=&#8221;1\/2&#8243; css=&#8221;.vc_custom_1557817659560{padding-top: 0px !important;padding-bottom: 59px !important;}&#8221;][ct_heading text=&#8221;Oto \u00c7ekici Hizmetimiz;<u>7\/24<\/u>t\u00fcm istanbul ve Marmara B\u00f6lgesinde hizmet vermekteyiz&#8221; font_weight=&#8221;&#8221; subtitle=&#8221;Konyal\u0131 Oto \u00c7ekici&#8221; description_font_weight=&#8221;inherit&#8221; margin_bottom=&#8221;0&#8243;][\/vc_column_inner][vc_column_inner width=&#8221;1\/2&#8243; ct_column_inner_class=&#8221;rm-padding-lg&#8221; css=&#8221;.vc_custom_1557817663792{padding-top: 0px !important;padding-bottom: 59px !important;padding-left: 100px !important;}&#8221;][vc_column_text css=&#8221;.vc_custom_1736353452086{margin-bottom: 0px !important;}&#8221; text_style=&#8221;text-block1&#8243;]<u>Marmara B\u00f6lgesi, \u0130stanbul Anadolu ve Avrupa Yakas\u0131, Tuzla, Pendik, Maltepe, Kartal, \u00dcmraniye, Kad\u0131k\u00f6y, \u00dcsk\u00fcdar, Sultanbeyli, Be\u015fikta\u015f, Ata\u015fehir, \u00c7ekmek\u00f6y, Sancaktepe, Ey\u00fcp, Fatih, Beyo\u011flu, K\u00fc\u00e7\u00fck \u00c7ekmece, B\u00fcy\u00fck \u00c7ekmece ve t\u00fcm il\u00e7elerde hizmet vermekteyiz.<\/u>[\/vc_column_text][\/vc_column_inner][\/vc_row_inner][\/vc_column][\/vc_row][vc_row][vc_column][vc_media_grid element_width=&#8221;3&#8243; css=&#8221;&#8221; grid_id=&#8221;vc_gid:1736354299323-845abfcd-59bb-0&#8243; include=&#8221;1780,1781,1782,1783,1784,1785,1786,1787,1788,1789,1790,1791,1792,1793,1778,1794,1795,1796,1797,1798,1799,1800,1801,1802,1803,1804,1805,1806,1807,1808,1809,1810,1811,1812,1813,1814,1815,1816,1817,1818,1819,1820,1821,1822&#8243;][\/vc_column][\/vc_row]<\/p>\n<\/div>","protected":false},"excerpt":{"rendered":"<p>[vc_row full_width=&#8221;stretch_row&#8221; parallax=&#8221;content-moving&#8221; parallax_image=&#8221;1774&#8243; ct_row_class=&#8221;row-overlay&#8221; el_id=&#8221;section-home&#8221; css=&#8221;.vc_custom_1736353572078{background-color: rgba(0,0,0,0.25) !important;*background-color: rgb(0,0,0) !important;}&#8221;][vc_column css=&#8221;.vc_custom_1558751649530{padding-top: 0px !important;}&#8221;][ct_space space_lg=&#8221;300&#8243; space_md=&#8221;300&#8243; space_sm=&#8221;180&#8243; space_xs=&#8221;130&#8243;][ct_heading styles=&#8221;style2&#8243; text=&#8221;Konyal\u0131&#8221; tag=&#8221;h4&#8243; font_size=&#8221;72&#8243; font_size_md=&#8221;60&#8243; font_size_sm=&#8221;48&#8243; font_size_xs=&#8221;30&#8243; line_height=&#8221;72&#8243; line_height_md=&#8221;60&#8243; line_height_sm=&#8221;48&#8243; line_height_xs=&#8221;30&#8243; font_weight=&#8221;&#8221; letter_spacing=&#8221;-0.05em&#8221; text_color=&#8221;#ffffff&#8221; description_font_weight=&#8221;inherit&#8221; margin_bottom=&#8221;35&#8243; typingout=&#8221;&#8220;Oto \u00c7ekici&#8220;, &#8220;Tekne Nakliye&#8220;, &#8220;Yat Ta\u015f\u0131ma&#8220;&#8221; animation=&#8221;fadeInRight&#8221; el_class=&#8221;h-u-lg&#8221;][ct_heading text=&#8221;\u0130stanbul ve T\u00fcm Marmara B\u00f6lgesinde Oto \u00c7ekici Hizmeti vermekteyiz.&#8221; tag=&#8221;h6&#8243; font_size=&#8221;20&#8243; font_size_md=&#8221;20&#8243; font_size_sm=&#8221;20&#8243;&#8230;<\/p>\n","protected":false},"author":1,"featured_media":0,"parent":0,"menu_order":0,"comment_status":"closed","ping_status":"closed","template":"","meta":{"footnotes":""},"class_list":["post-386","page","type-page","status-publish","hentry"],"_links":{"self":[{"href":"https:\/\/konyaliotocekici.com\/index.php?rest_route=\/wp\/v2\/pages\/386","targetHints":{"allow":["GET"]}}],"collection":[{"href":"https:\/\/konyaliotocekici.com\/index.php?rest_route=\/wp\/v2\/pages"}],"about":[{"href":"https:\/\/konyaliotocekici.com\/index.php?rest_route=\/wp\/v2\/types\/page"}],"author":[{"embeddable":true,"href":"https:\/\/konyaliotocekici.com\/index.php?rest_route=\/wp\/v2\/users\/1"}],"replies":[{"embeddable":true,"href":"https:\/\/konyaliotocekici.com\/index.php?rest_route=%2Fwp%2Fv2%2Fcomments&post=386"}],"version-history":[{"count":14,"href":"https:\/\/konyaliotocekici.com\/index.php?rest_route=\/wp\/v2\/pages\/386\/revisions"}],"predecessor-version":[{"id":1825,"href":"https:\/\/konyaliotocekici.com\/index.php?rest_route=\/wp\/v2\/pages\/386\/revisions\/1825"}],"wp:attachment":[{"href":"https:\/\/konyaliotocekici.com\/index.php?rest_route=%2Fwp%2Fv2%2Fmedia&parent=386"}],"curies":[{"name":"wp","href":"https:\/\/api.w.org\/{rel}","templated":true}]}}